{"id":1390,"date":"2022-04-21T11:26:01","date_gmt":"2022-04-21T11:26:01","guid":{"rendered":"https:\/\/kkloznica.com\/?page_id=1390"},"modified":"2025-12-15T10:50:27","modified_gmt":"2025-12-15T10:50:27","slug":"home","status":"publish","type":"page","link":"https:\/\/kkloznica.com\/","title":{"rendered":"Po\u010detna"},"content":{"rendered":"\n<div class=\"wp-block-uagb-container uagb-block-71f77d79 alignfull uagb-is-root-container\"><div class=\"uagb-container-inner-blocks-wrap\">\n<div class=\"wp-block-uagb-container uagb-block-125537ba\">\n<div class=\"wp-block-uagb-info-box uagb-block-33af6510 uagb-infobox__content-wrap  uagb-infobox-icon-above-title uagb-infobox-image-valign-top\"><div class=\"uagb-ifb-content\"><div class=\"uagb-ifb-title-wrap\"><h1 class=\"uagb-ifb-title\">Dobrodo\u0161li na zvani\u010dnu stranicu KK Loznica<\/h1><\/div><p class=\"uagb-ifb-desc\">Dobrodo\u0161li na zvani\u010dnu stranicu KK Loznica, jednog od najprepoznatljivijih ko\u0161arka\u0161kih klubova u Loznici i okolini. Na\u0161 klub je posve\u0107en promovisanju ko\u0161arke kao sporta, razvoju mladih igra\u010da i pru\u017eanju kvalitetne sportske zabave za ljubitelje ko\u0161arke svih uzrasta.<\/p><\/div><\/div>\n<\/div>\n\n\n\n<div class=\"wp-block-uagb-container uagb-block-9380bd45\">\n<div class=\"wp-block-uagb-image alignright uagb-block-70628e3e wp-block-uagb-image--layout-default wp-block-uagb-image--effect-static wp-block-uagb-image--align-right\"><figure class=\"wp-block-uagb-image__figure\"><img decoding=\"async\" srcset=\"https:\/\/kkloznica.com\/wp-content\/uploads\/2023\/05\/IMG-0956-1024x674.webp \" sizes=\"auto, (max-width: 480px) 150px\" src=\"https:\/\/kkloznica.com\/wp-content\/uploads\/2023\/05\/IMG-0956-1024x674.webp\" alt=\"\" class=\"uag-image-2656\" width=\"614\" height=\"404\" title=\"\" loading=\"lazy\" role=\"img\"\/><\/figure><\/div>\n<\/div>\n<\/div><\/div>\n\n\n\n<div class=\"wp-block-uagb-container uagb-block-a7a7f02d alignfull uagb-is-root-container\"><div class=\"uagb-container-inner-blocks-wrap\">\n<div class=\"wp-block-uagb-container uagb-block-da557fc9\">\n<div class=\"wp-block-uagb-image uagb-block-20ef95ef wp-block-uagb-image--layout-default wp-block-uagb-image--effect-static wp-block-uagb-image--align-none\"><figure class=\"wp-block-uagb-image__figure\"><img decoding=\"async\" srcset=\"https:\/\/kkloznica.com\/wp-content\/uploads\/2023\/05\/bright-orange-braun-basketball-ball-professional-sport-equipment-isolated-green-background-683x1024.jpg \" sizes=\"auto, (max-width: 480px) 150px\" src=\"https:\/\/kkloznica.com\/wp-content\/uploads\/2023\/05\/bright-orange-braun-basketball-ball-professional-sport-equipment-isolated-green-background-683x1024.jpg\" alt=\"\" class=\"uag-image-2638\" width=\"683\" height=\"1024\" title=\"\" loading=\"lazy\" role=\"img\"\/><\/figure><\/div>\n<\/div>\n\n\n\n<div class=\"wp-block-uagb-container uagb-block-f31e0ef8\">\n<div class=\"wp-block-uagb-info-box uagb-block-57192650 uagb-infobox__content-wrap  uagb-infobox-icon-above-title uagb-infobox-image-valign-top\"><div class=\"uagb-ifb-content\"><div class=\"uagb-ifb-title-wrap\"><h2 class=\"uagb-ifb-title\">Na\u0161a vizija<\/h2><\/div><p class=\"uagb-ifb-desc\">Na\u0161a vizija je stvoriti sna\u017ean ko\u0161arka\u0161ki tim koji \u0107e biti prepoznat po igra\u010dkoj kvaliteti, po\u0161tovanju sportskih vrednosti i pozitivnom uticaju na zajednicu. Uz podr\u0161ku na\u0161ih sponzora, trenera i navija\u010da, te\u017eimo ostvariti najvi\u0161e ciljeve na svim nivoima takmi\u010denja.<\/p><\/div><\/div>\n<\/div>\n<\/div><\/div>\n\n\n\n<div class=\"wp-block-uagb-container uagb-block-5f10a4c6 alignfull uagb-is-root-container\"><div class=\"uagb-container-inner-blocks-wrap\">\n<div class=\"wp-block-uagb-advanced-heading uagb-block-09423146\"><p class=\"uagb-desc-text\">Daily activities<\/p><h2 class=\"uagb-heading-text\">\u0160kola ko\u0161arke za sve uzraste<\/h2><\/div>\n\n\n\n<div class=\"wp-block-uagb-container uagb-block-c2b004f5 alignfull uagb-is-root-container\"><div class=\"uagb-container-inner-blocks-wrap\">\n<div class=\"wp-block-uagb-container uagb-block-5c871958\">\n<div class=\"wp-block-uagb-advanced-heading uagb-block-f3e8649e\"><h4 class=\"uagb-heading-text\">\u0160kolica ko\u0161arke Loznica<\/h4><p class=\"uagb-desc-text\">Po\u010detna grupa u kojoj se u\u010de osnove. Ova starosna grupa nije takmi\u010darska.<\/p><\/div>\n\n\n\n<div class=\"wp-block-uagb-advanced-heading uagb-block-15552de2\"><div class=\"uagb-separator\"><\/div><h4 class=\"uagb-heading-text\">Mla\u0111i pioniri<\/h4><p class=\"uagb-desc-text\">Takmi\u010darska selekcija<\/p><\/div>\n\n\n\n<div class=\"wp-block-uagb-advanced-heading uagb-block-8502eb72\"><div class=\"uagb-separator\"><\/div><h4 class=\"uagb-heading-text\">Kadeti<\/h4><p class=\"uagb-desc-text\">Takmi\u010darska selekcija<\/p><\/div>\n<\/div>\n\n\n\n<div class=\"wp-block-uagb-container uagb-block-9f9c3c9d\">\n<div class=\"wp-block-uagb-advanced-heading uagb-block-58e94c60\"><h4 class=\"uagb-heading-text\">\u0160kolica ko\u0161arke Le\u0161nica<\/h4><p class=\"uagb-desc-text\">Po\u010detna grupa u kojoj se u\u010de osnove. Ova starosna grupa nije takmi\u010darska.<\/p><\/div>\n\n\n\n<div class=\"wp-block-uagb-advanced-heading uagb-block-e46e2983\"><div class=\"uagb-separator\"><\/div><h4 class=\"uagb-heading-text\">Pioniri<\/h4><p class=\"uagb-desc-text\">Takmi\u010darska selekcija<\/p><\/div>\n\n\n\n<div class=\"wp-block-uagb-advanced-heading uagb-block-0a7a36ab\"><div class=\"uagb-separator\"><\/div><h4 class=\"uagb-heading-text\">Juniori<\/h4><p class=\"uagb-desc-text\">Takmi\u010darska selekcija<\/p><\/div>\n<\/div>\n<\/div><\/div>\n<\/div><\/div>\n\n\n\n<div style=\"height:256px\" aria-hidden=\"true\" class=\"wp-block-spacer\"><\/div>\n\n\n\n<div class=\"wp-block-uagb-advanced-heading uagb-block-c32106da\"><h2 class=\"uagb-heading-text\">Tabela<\/h2><\/div>\n\n\n\n<iframe loading=\"lazy\" src=\"https:\/\/lige.kss.rs\/seniori\/2-muska-liga\/tabela-i-delegiranja\/\" \n        width=\"100%\" \n        height=\"800\" \n        frameborder=\"0\">\n<\/iframe>\n\n\n\n<div style=\"height:189px\" aria-hidden=\"true\" class=\"wp-block-spacer\"><\/div>\n\n\n\n<div class=\"wp-block-uagb-container uagb-block-ffe0814f alignfull uagb-is-root-container\"><div class=\"uagb-container-inner-blocks-wrap\">\n<div class=\"wp-block-uagb-info-box uagb-block-34a05721 uagb-infobox__content-wrap  uagb-infobox-icon-above-title uagb-infobox-image-valign-top\"><div class=\"uagb-ifb-content\"><div class=\"uagb-ifb-title-wrap\"><h1 class=\"uagb-ifb-title\">Vi\u0161e od sporta<\/h1><\/div><div class=\"uagb-ifb-button-wrapper wp-block-button\"><a href=\"tel:+381642567281\" class=\"uagb-infobox-cta-link wp-block-button__link\" target=\"_self\" rel=\"noopener noreferrer\" onclick=\"return true;\"><span class=\"uagb-inline-editing\">Kontaktiraj nas<\/span><\/a><\/div><\/div><\/div>\n<\/div><\/div>\n\n\n\n\t\t\t<div class=\"wp-block-uagb-post-carousel uagb-post-grid  uagb-post__image-position-top uagb-post__image-enabled uagb-block-239c1407     uagb-post__arrow-outside uagb-slick-carousel uagb-post__items uagb-post__columns-3 is-carousel uagb-post__columns-tablet-2 uagb-post__columns-mobile-1\" data-total=\"1\" style=\"\">\n\n\t\t\t\t\t\t\t\t\t\t\t\t<article class=\"uagb-post__inner-wrap\">\t\t\t\t\t\t\t\t<div class='uagb-post__image'>\n\t\t\t\t\t\t\t\t\t<a href=\"https:\/\/kkloznica.com\/?p=2784\" target=\"_self\" rel=\"bookmark noopener noreferrer\"><img loading=\"lazy\" decoding=\"async\" width=\"819\" height=\"1024\" src=\"https:\/\/kkloznica.com\/wp-content\/uploads\/2025\/11\/80468ebf-f59f-48fe-8e1d-f742a9868054-819x1024.jpeg\" class=\"attachment-large size-large\" alt=\"\" srcset=\"https:\/\/kkloznica.com\/wp-content\/uploads\/2025\/11\/80468ebf-f59f-48fe-8e1d-f742a9868054-819x1024.jpeg 819w, https:\/\/kkloznica.com\/wp-content\/uploads\/2025\/11\/80468ebf-f59f-48fe-8e1d-f742a9868054-240x300.jpeg 240w, https:\/\/kkloznica.com\/wp-content\/uploads\/2025\/11\/80468ebf-f59f-48fe-8e1d-f742a9868054-768x960.jpeg 768w, https:\/\/kkloznica.com\/wp-content\/uploads\/2025\/11\/80468ebf-f59f-48fe-8e1d-f742a9868054.jpeg 1080w\" sizes=\"auto, (max-width: 819px) 100vw, 819px\" \/>\t\t\t\t\t<\/a>\n\t\t\t\t\t\t\t\t\t<\/div>\n\t\t\t\t\t\t<h4 class=\"uagb-post__title uagb-post__text\">\n\t\t\t\t<a href=\"https:\/\/kkloznica.com\/?p=2784\" target=\"_self\" rel=\"bookmark noopener noreferrer\">SVI U LAGATOR<\/a>\n\t\t\t<\/h4>\n\t\t\t\t\t\t<div class='uagb-post__text uagb-post-grid-byline'>\n\t\t\t\t\t\t\t\t<time datetime=\"2025-11-29T10:19:15+00:00\" class=\"uagb-post__date\">\n\t\t\t\t<span class=\"dashicons-calendar dashicons\"><\/span>\t\t\t\t\t29 November 2025\t\t\t\t<\/time>\n\t\t\t\t\t\t\t<span class=\"uagb-post__comment\">\n\t\t\t\t<span class=\"dashicons-admin-comments dashicons\"><\/span>\t\t\t\t\tNo Comments\t\t\t\t<\/span>\n\t\t\t\t\t\t<\/div>\n\t\t\t\t\t\t\t<div class='uagb-post__text uagb-post__excerpt'>\n\t\t\t\t\t<p>\ud83c\udfc0SVI U LAGATOR\u2755 Lozni\u010dani, u subotu vas \u010dekamo u hali Lagator da zajedno pru\u017eimo podr\u0161ku&#8230;\t\t\t\t<\/div>\n\t\t\t\t\t\t<div class=\"uagb-post__text uagb-post__cta wp-block-button\">\n\t\t\t\t<a class=\"wp-block-button__link uagb-text-link\" style=\"\" href=\"https:\/\/kkloznica.com\/?p=2784\" target=\"_self\" rel=\"bookmark noopener noreferrer\">Read More<\/a>\n\t\t\t<\/div>\n\t\t\t\n\t\t\t\t\t\t\t\t\t<\/article>\n\t\t\t\t\t\t\t\t\t\t\t\t\t\t\t\t<article class=\"uagb-post__inner-wrap\">\t\t\t\t\t\t\t\t<div class='uagb-post__image'>\n\t\t\t\t\t\t\t\t\t<a href=\"https:\/\/kkloznica.com\/?p=2778\" target=\"_self\" rel=\"bookmark noopener noreferrer\"><img loading=\"lazy\" decoding=\"async\" width=\"1024\" height=\"768\" src=\"https:\/\/kkloznica.com\/wp-content\/uploads\/2025\/11\/lo-leskovac-1024x768.jpg\" class=\"attachment-large size-large\" alt=\"\" srcset=\"https:\/\/kkloznica.com\/wp-content\/uploads\/2025\/11\/lo-leskovac-1024x768.jpg 1024w, https:\/\/kkloznica.com\/wp-content\/uploads\/2025\/11\/lo-leskovac-300x225.jpg 300w, https:\/\/kkloznica.com\/wp-content\/uploads\/2025\/11\/lo-leskovac-768x576.jpg 768w, https:\/\/kkloznica.com\/wp-content\/uploads\/2025\/11\/lo-leskovac-1536x1152.jpg 1536w, https:\/\/kkloznica.com\/wp-content\/uploads\/2025\/11\/lo-leskovac.jpg 1600w\" sizes=\"auto, (max-width: 1024px) 100vw, 1024px\" \/>\t\t\t\t\t<\/a>\n\t\t\t\t\t\t\t\t\t<\/div>\n\t\t\t\t\t\t<h4 class=\"uagb-post__title uagb-post__text\">\n\t\t\t\t<a href=\"https:\/\/kkloznica.com\/?p=2778\" target=\"_self\" rel=\"bookmark noopener noreferrer\">Vredni bodovi iz Leskovca sti\u017eu ku\u0107i!<\/a>\n\t\t\t<\/h4>\n\t\t\t\t\t\t<div class='uagb-post__text uagb-post-grid-byline'>\n\t\t\t\t\t\t\t\t<time datetime=\"2025-11-25T09:16:03+00:00\" class=\"uagb-post__date\">\n\t\t\t\t<span class=\"dashicons-calendar dashicons\"><\/span>\t\t\t\t\t25 November 2025\t\t\t\t<\/time>\n\t\t\t\t\t\t\t<span class=\"uagb-post__comment\">\n\t\t\t\t<span class=\"dashicons-admin-comments dashicons\"><\/span>\t\t\t\t\tNo Comments\t\t\t\t<\/span>\n\t\t\t\t\t\t<\/div>\n\t\t\t\t\t\t\t<div class='uagb-post__text uagb-post__excerpt'>\n\t\t\t\t\t<p>U utakmici 10. kola 2. MLS, ko\u0161arka\u0161i Loznice gostovali su u Leskovcu ekipi KK Zdravlje&#8230;\t\t\t\t<\/div>\n\t\t\t\t\t\t<div class=\"uagb-post__text uagb-post__cta wp-block-button\">\n\t\t\t\t<a class=\"wp-block-button__link uagb-text-link\" style=\"\" href=\"https:\/\/kkloznica.com\/?p=2778\" target=\"_self\" rel=\"bookmark noopener noreferrer\">Read More<\/a>\n\t\t\t<\/div>\n\t\t\t\n\t\t\t\t\t\t\t\t\t<\/article>\n\t\t\t\t\t\t\t\t\t\t\t\t\t\t\t\t<article class=\"uagb-post__inner-wrap\">\t\t\t\t\t\t\t\t<div class='uagb-post__image'>\n\t\t\t\t\t\t\t\t\t<a href=\"https:\/\/kkloznica.com\/?p=2775\" target=\"_self\" rel=\"bookmark noopener noreferrer\"><img loading=\"lazy\" decoding=\"async\" width=\"1024\" height=\"768\" src=\"https:\/\/kkloznica.com\/wp-content\/uploads\/2025\/11\/kklo-1024x768.jpg\" class=\"attachment-large size-large\" alt=\"\" srcset=\"https:\/\/kkloznica.com\/wp-content\/uploads\/2025\/11\/kklo-1024x768.jpg 1024w, https:\/\/kkloznica.com\/wp-content\/uploads\/2025\/11\/kklo-300x225.jpg 300w, https:\/\/kkloznica.com\/wp-content\/uploads\/2025\/11\/kklo-768x576.jpg 768w, https:\/\/kkloznica.com\/wp-content\/uploads\/2025\/11\/kklo-1536x1152.jpg 1536w, https:\/\/kkloznica.com\/wp-content\/uploads\/2025\/11\/kklo.jpg 2000w\" sizes=\"auto, (max-width: 1024px) 100vw, 1024px\" \/>\t\t\t\t\t<\/a>\n\t\t\t\t\t\t\t\t\t<\/div>\n\t\t\t\t\t\t<h4 class=\"uagb-post__title uagb-post__text\">\n\t\t\t\t<a href=\"https:\/\/kkloznica.com\/?p=2775\" target=\"_self\" rel=\"bookmark noopener noreferrer\">Razigrani Lozni\u010dani deklasirali Novi Pazar!<\/a>\n\t\t\t<\/h4>\n\t\t\t\t\t\t<div class='uagb-post__text uagb-post-grid-byline'>\n\t\t\t\t\t\t\t\t<time datetime=\"2025-11-19T07:44:06+00:00\" class=\"uagb-post__date\">\n\t\t\t\t<span class=\"dashicons-calendar dashicons\"><\/span>\t\t\t\t\t19 November 2025\t\t\t\t<\/time>\n\t\t\t\t\t\t\t<span class=\"uagb-post__comment\">\n\t\t\t\t<span class=\"dashicons-admin-comments dashicons\"><\/span>\t\t\t\t\tNo Comments\t\t\t\t<\/span>\n\t\t\t\t\t\t<\/div>\n\t\t\t\t\t\t\t<div class='uagb-post__text uagb-post__excerpt'>\n\t\t\t\t\t<p>U okviru 9. kola 2. MLS, u odli\u010dnoj atmosferi hale \u201eLagator\u201d, ko\u0161arka\u0161i Loznice odigrali su&#8230;\t\t\t\t<\/div>\n\t\t\t\t\t\t<div class=\"uagb-post__text uagb-post__cta wp-block-button\">\n\t\t\t\t<a class=\"wp-block-button__link uagb-text-link\" style=\"\" href=\"https:\/\/kkloznica.com\/?p=2775\" target=\"_self\" rel=\"bookmark noopener noreferrer\">Read More<\/a>\n\t\t\t<\/div>\n\t\t\t\n\t\t\t\t\t\t\t\t\t<\/article>\n\t\t\t\t\t\t\t\t\t\t\t\t\t\t\t\t<article class=\"uagb-post__inner-wrap\">\t\t\t\t\t\t\t\t<div class='uagb-post__image'>\n\t\t\t\t\t\t\t\t\t<a href=\"https:\/\/kkloznica.com\/?p=2764\" target=\"_self\" rel=\"bookmark noopener noreferrer\"><img loading=\"lazy\" decoding=\"async\" width=\"1024\" height=\"681\" src=\"https:\/\/kkloznica.com\/wp-content\/uploads\/2025\/10\/photo_2025-10-07_08-53-27.jpg\" class=\"attachment-large size-large\" alt=\"\" srcset=\"https:\/\/kkloznica.com\/wp-content\/uploads\/2025\/10\/photo_2025-10-07_08-53-27.jpg 1024w, https:\/\/kkloznica.com\/wp-content\/uploads\/2025\/10\/photo_2025-10-07_08-53-27-300x200.jpg 300w, https:\/\/kkloznica.com\/wp-content\/uploads\/2025\/10\/photo_2025-10-07_08-53-27-768x511.jpg 768w\" sizes=\"auto, (max-width: 1024px) 100vw, 1024px\" \/>\t\t\t\t\t<\/a>\n\t\t\t\t\t\t\t\t\t<\/div>\n\t\t\t\t\t\t<h4 class=\"uagb-post__title uagb-post__text\">\n\t\t\t\t<a href=\"https:\/\/kkloznica.com\/?p=2764\" target=\"_self\" rel=\"bookmark noopener noreferrer\">LIGA MLADJIH KATEGORIJA \u201cRegionalna liga RKS Zapadna Srbija\u201d<\/a>\n\t\t\t<\/h4>\n\t\t\t\t\t\t<div class='uagb-post__text uagb-post-grid-byline'>\n\t\t\t\t\t\t\t\t<time datetime=\"2025-10-15T15:51:10+01:00\" class=\"uagb-post__date\">\n\t\t\t\t<span class=\"dashicons-calendar dashicons\"><\/span>\t\t\t\t\t15 October 2025\t\t\t\t<\/time>\n\t\t\t\t\t\t\t<span class=\"uagb-post__comment\">\n\t\t\t\t<span class=\"dashicons-admin-comments dashicons\"><\/span>\t\t\t\t\tNo Comments\t\t\t\t<\/span>\n\t\t\t\t\t\t<\/div>\n\t\t\t\t\t\t\t<div class='uagb-post__text uagb-post__excerpt'>\n\t\t\t\t\t<p>Raspored za prvi takmi\u010darski deo sezone mo\u017eete videti u prilo\u017eenom\ud83d\udc9b\ud83d\udc9a JUNIORIZa takmi\u010denje u ovoj konkurenciji&#8230;\t\t\t\t<\/div>\n\t\t\t\t\t\t<div class=\"uagb-post__text uagb-post__cta wp-block-button\">\n\t\t\t\t<a class=\"wp-block-button__link uagb-text-link\" style=\"\" href=\"https:\/\/kkloznica.com\/?p=2764\" target=\"_self\" rel=\"bookmark noopener noreferrer\">Read More<\/a>\n\t\t\t<\/div>\n\t\t\t\n\t\t\t\t\t\t\t\t\t<\/article>\n\t\t\t\t\t\t\t\t\t\t\t\t\t\t\t\t<article class=\"uagb-post__inner-wrap\">\t\t\t\t\t\t\t\t<div class='uagb-post__image'>\n\t\t\t\t\t\t\t\t\t<a href=\"https:\/\/kkloznica.com\/?p=2751\" target=\"_self\" rel=\"bookmark noopener noreferrer\"><img loading=\"lazy\" decoding=\"async\" width=\"1024\" height=\"681\" src=\"https:\/\/kkloznica.com\/wp-content\/uploads\/2025\/10\/photo_2025-10-07_08-53-35.jpg\" class=\"attachment-large size-large\" alt=\"\" srcset=\"https:\/\/kkloznica.com\/wp-content\/uploads\/2025\/10\/photo_2025-10-07_08-53-35.jpg 1024w, https:\/\/kkloznica.com\/wp-content\/uploads\/2025\/10\/photo_2025-10-07_08-53-35-300x200.jpg 300w, https:\/\/kkloznica.com\/wp-content\/uploads\/2025\/10\/photo_2025-10-07_08-53-35-768x511.jpg 768w\" sizes=\"auto, (max-width: 1024px) 100vw, 1024px\" \/>\t\t\t\t\t<\/a>\n\t\t\t\t\t\t\t\t\t<\/div>\n\t\t\t\t\t\t<h4 class=\"uagb-post__title uagb-post__text\">\n\t\t\t\t<a href=\"https:\/\/kkloznica.com\/?p=2751\" target=\"_self\" rel=\"bookmark noopener noreferrer\">Loznica &#8211; Konstantin<\/a>\n\t\t\t<\/h4>\n\t\t\t\t\t\t<div class='uagb-post__text uagb-post-grid-byline'>\n\t\t\t\t\t\t\t\t<time datetime=\"2025-10-07T08:05:24+01:00\" class=\"uagb-post__date\">\n\t\t\t\t<span class=\"dashicons-calendar dashicons\"><\/span>\t\t\t\t\t7 October 2025\t\t\t\t<\/time>\n\t\t\t\t\t\t\t<span class=\"uagb-post__comment\">\n\t\t\t\t<span class=\"dashicons-admin-comments dashicons\"><\/span>\t\t\t\t\tNo Comments\t\t\t\t<\/span>\n\t\t\t\t\t\t<\/div>\n\t\t\t\t\t\t\t<div class='uagb-post__text uagb-post__excerpt'>\n\t\t\t\t\t<p>Ko\u0161arka\u0161i Loznice ostvarili su va\u017enu pobedu na doma\u0107em parketu, savladav\u0161i ekipu Konstantina iz Ni\u0161a rezultatom&#8230;\t\t\t\t<\/div>\n\t\t\t\t\t\t<div class=\"uagb-post__text uagb-post__cta wp-block-button\">\n\t\t\t\t<a class=\"wp-block-button__link uagb-text-link\" style=\"\" href=\"https:\/\/kkloznica.com\/?p=2751\" target=\"_self\" rel=\"bookmark noopener noreferrer\">Read More<\/a>\n\t\t\t<\/div>\n\t\t\t\n\t\t\t\t\t\t\t\t\t<\/article>\n\t\t\t\t\t\t\t\t\t\t\t<\/div>\n\t\t\t","protected":false},"excerpt":{"rendered":"<p>Daily activities \u0160kola ko\u0161arke za sve uzraste \u0160kolica ko\u0161arke Loznica Po\u010detna grupa u kojoj se u\u010de osnove. Ova starosna grupa nije takmi\u010darska. Mla\u0111i pioniri Takmi\u010darska selekcija Kadeti Takmi\u010darska selekcija \u0160kolica ko\u0161arke Le\u0161nica Po\u010detna grupa u kojoj se u\u010de osnove. Ova starosna grupa nije takmi\u010darska. Pioniri Takmi\u010darska selekcija Juniori Takmi\u010darska selekcija Tabela<\/p>\n","protected":false},"author":1,"featured_media":0,"parent":0,"menu_order":0,"comment_status":"closed","ping_status":"closed","template":"","meta":{"_uag_custom_page_level_css":"","site-sidebar-layout":"no-sidebar","site-content-layout":"page-builder","ast-site-content-layout":"full-width-container","site-content-style":"unboxed","site-sidebar-style":"unboxed","ast-global-header-display":"","ast-banner-title-visibility":"","ast-main-header-display":"","ast-hfb-above-header-display":"","ast-hfb-below-header-display":"","ast-hfb-mobile-header-display":"","site-post-title":"disabled","ast-breadcrumbs-content":"","ast-featured-img":"disabled","footer-sml-layout":"","theme-transparent-header-meta":"enabled","adv-header-id-meta":"","stick-header-meta":"","header-above-stick-meta":"","header-main-stick-meta":"","header-below-stick-meta":"","astra-migrate-meta-layouts":"set","ast-page-background-enabled":"default","ast-page-background-meta":{"desktop":{"background-color":"var(--ast-global-color-4)","background-image":"","background-repeat":"repeat","background-position":"center center","background-size":"auto","background-attachment":"scroll","background-type":"","background-media":"","overlay-type":"","overlay-color":"","overlay-opacity":"","overlay-gradient":""},"tablet":{"background-color":"","background-image":"","background-repeat":"repeat","background-position":"center center","background-size":"auto","background-attachment":"scroll","background-type":"","background-media":"","overlay-type":"","overlay-color":"","overlay-opacity":"","overlay-gradient":""},"mobile":{"background-color":"","background-image":"","background-repeat":"repeat","background-position":"center center","background-size":"auto","background-attachment":"scroll","background-type":"","background-media":"","overlay-type":"","overlay-color":"","overlay-opacity":"","overlay-gradient":""}},"ast-content-background-meta":{"desktop":{"background-color":"var(--ast-global-color-5)","background-image":"","background-repeat":"repeat","background-position":"center center","background-size":"auto","background-attachment":"scroll","background-type":"","background-media":"","overlay-type":"","overlay-color":"","overlay-opacity":"","overlay-gradient":""},"tablet":{"background-color":"var(--ast-global-color-5)","background-image":"","background-repeat":"repeat","background-position":"center center","background-size":"auto","background-attachment":"scroll","background-type":"","background-media":"","overlay-type":"","overlay-color":"","overlay-opacity":"","overlay-gradient":""},"mobile":{"background-color":"var(--ast-global-color-5)","background-image":"","background-repeat":"repeat","background-position":"center center","background-size":"auto","background-attachment":"scroll","background-type":"","background-media":"","overlay-type":"","overlay-color":"","overlay-opacity":"","overlay-gradient":""}},"footnotes":""},"class_list":["post-1390","page","type-page","status-publish","hentry"],"uagb_featured_image_src":{"full":false,"thumbnail":false,"medium":false,"medium_large":false,"large":false,"1536x1536":false,"2048x2048":false},"uagb_author_info":{"display_name":"digita.loznica@gmail.com","author_link":"https:\/\/kkloznica.com\/?author=1"},"uagb_comment_info":0,"uagb_excerpt":"Daily activities \u0160kola ko\u0161arke za sve uzraste \u0160kolica ko\u0161arke Loznica Po\u010detna grupa u kojoj se u\u010de osnove. Ova starosna grupa nije takmi\u010darska. Mla\u0111i pioniri Takmi\u010darska selekcija Kadeti Takmi\u010darska selekcija \u0160kolica ko\u0161arke Le\u0161nica Po\u010detna grupa u kojoj se u\u010de osnove. Ova starosna grupa nije takmi\u010darska. Pioniri Takmi\u010darska selekcija Juniori Takmi\u010darska selekcija Tabela","_links":{"self":[{"href":"https:\/\/kkloznica.com\/index.php?rest_route=\/wp\/v2\/pages\/1390","targetHints":{"allow":["GET"]}}],"collection":[{"href":"https:\/\/kkloznica.com\/index.php?rest_route=\/wp\/v2\/pages"}],"about":[{"href":"https:\/\/kkloznica.com\/index.php?rest_route=\/wp\/v2\/types\/page"}],"author":[{"embeddable":true,"href":"https:\/\/kkloznica.com\/index.php?rest_route=\/wp\/v2\/users\/1"}],"replies":[{"embeddable":true,"href":"https:\/\/kkloznica.com\/index.php?rest_route=%2Fwp%2Fv2%2Fcomments&post=1390"}],"version-history":[{"count":20,"href":"https:\/\/kkloznica.com\/index.php?rest_route=\/wp\/v2\/pages\/1390\/revisions"}],"predecessor-version":[{"id":2803,"href":"https:\/\/kkloznica.com\/index.php?rest_route=\/wp\/v2\/pages\/1390\/revisions\/2803"}],"wp:attachment":[{"href":"https:\/\/kkloznica.com\/index.php?rest_route=%2Fwp%2Fv2%2Fmedia&parent=1390"}],"curies":[{"name":"wp","href":"https:\/\/api.w.org\/{rel}","templated":true}]}}