{"id":1393,"date":"2022-04-21T11:26:28","date_gmt":"2022-04-21T11:26:28","guid":{"rendered":"https:\/\/kkloznica.com\/?page_id=1393"},"modified":"2023-05-17T14:13:58","modified_gmt":"2023-05-17T13:13:58","slug":"about","status":"publish","type":"page","link":"https:\/\/kkloznica.com\/?page_id=1393","title":{"rendered":"O nama"},"content":{"rendered":"\n<div class=\"wp-block-uagb-container uagb-block-ce9569e9 alignfull uagb-is-root-container\"><div class=\"uagb-container-inner-blocks-wrap\">\n<div class=\"wp-block-uagb-advanced-heading uagb-block-d0170ad7\"><h1 class=\"uagb-heading-text\">O nama<\/h1><\/div>\n\n\n\n<div class=\"wp-block-uagb-container uagb-block-b54a3ee6\">\n<div class=\"wp-block-uagb-container uagb-block-abb11659\">\n<div class=\"wp-block-uagb-image uagb-block-dc0d2aed wp-block-uagb-image--layout-default wp-block-uagb-image--effect-static wp-block-uagb-image--align-none\"><figure class=\"wp-block-uagb-image__figure\"><img decoding=\"async\" srcset=\"https:\/\/kkloznica.com\/wp-content\/uploads\/2023\/05\/IMG-0955-1024x666.jpg \" sizes=\"auto, (max-width: 480px) 150px\" src=\"https:\/\/kkloznica.com\/wp-content\/uploads\/2023\/05\/IMG-0955-1024x666.jpg\" alt=\"\" class=\"uag-image-2666\" width=\"690\" height=\"448\" title=\"\" loading=\"lazy\"\/><\/figure><\/div>\n<\/div>\n\n\n\n<div class=\"wp-block-uagb-container uagb-block-a0e2825f\">\n<div class=\"wp-block-uagb-advanced-heading uagb-block-6946b6c0\"><p class=\"uagb-desc-text\">U godini kada se obele\u017eava \u0161est decenija postojanja i uspe\u0161nog rada KK Loznica je ostvario svoj najve\u0107i uspeh &#8211; plasirao se u Drugu ko\u0161arka\u0161ku ligu Srbije (&#8220;B&#8221; ligu). Ekipa je dominirala tokom celog takmi\u010denja u Prvoj mu\u0161koj regionalnoj ligi &#8220;Zapad&#8221;, a i u doigravanju i zaslu\u017eeno osvojila titulu. Na ovaj uspeh dugo se \u010dekalo. Godinama su se lozni\u010dki ko\u0161arka\u0161i takmi\u010dili u ni\u017eim rangovima, ali i pored toga, klub je, od 1963. godine, kada je osnovan, iznedrio mnogo vrhunskih ko\u0161arka\u0161a koji su ostavili trag i u drugim, ve\u0107im klubovima, ali i u reprezentaciji biv\u0161e Jugoslavije (Slobodan Nikoli\u0107, Milo\u0161 Vujani\u0107&#8230;)<\/p><\/div>\n<\/div>\n<\/div>\n<\/div><\/div>\n\n\n\n<div class=\"wp-block-uagb-container uagb-block-f25e33e7 alignfull uagb-is-root-container\"><div class=\"uagb-container-inner-blocks-wrap\">\n<div class=\"wp-block-uagb-container uagb-block-808c4979\">\n<div class=\"wp-block-uagb-advanced-heading uagb-block-46c22740\"><p class=\"uagb-desc-text\">Na put uspeha Lozni\u010dani su krenuli kada su se u rad kluba aktivno uklju\u010dili biv\u0161i ko\u0161arka\u0161i, a sada uspe\u0161ni predsednik i trener Danilo Negovanovi\u0107 i sportski direktor kluba Radomir Gaji\u0107. Klub se u tom trenutku takmi\u010dio u Drugoj srpskoj ligi i za samo \u010detiri godine promenio je dva ranga takmi\u010denja.<\/p><\/div>\n<\/div>\n\n\n\n<div class=\"wp-block-uagb-container uagb-block-85a93578\">\n<figure class=\"wp-block-image size-full\"><img loading=\"lazy\" decoding=\"async\" width=\"320\" height=\"320\" src=\"https:\/\/kkloznica.com\/wp-content\/uploads\/2023\/05\/basketball-png-15.png\" alt=\"\" class=\"wp-image-2669\" srcset=\"https:\/\/kkloznica.com\/wp-content\/uploads\/2023\/05\/basketball-png-15.png 320w, https:\/\/kkloznica.com\/wp-content\/uploads\/2023\/05\/basketball-png-15-300x300.png 300w, https:\/\/kkloznica.com\/wp-content\/uploads\/2023\/05\/basketball-png-15-150x150.png 150w\" sizes=\"auto, (max-width: 320px) 100vw, 320px\" \/><\/figure>\n<\/div>\n\n\n\n<div class=\"wp-block-uagb-container uagb-block-d786350e\">\n<div class=\"wp-block-uagb-advanced-heading uagb-block-226cb215\"><p class=\"uagb-desc-text\">Ali, tu se ne\u0107e zaustaviti. \u017delja svih u klubu je da i dalje napreduju i nadaju se da \u0107e i ubudu\u0107e imati podr\u0161ku lokalne samouprave bez koje ovaj istorijski uspeh ne bi bio mogu\u0107. Zasluge pripadaju i navija\u010dima koji su im tokom cele sezone bili velika podr\u0161ka i gotovo na svim utakmicama punili halu &#8220;Lagator&#8221; \u0161to dugo nije bili vi\u0111eno.<\/p><\/div>\n<\/div>\n<\/div><\/div>\n\n\n\n<div class=\"wp-block-uagb-container uagb-block-1ce3ba6c alignfull uagb-is-root-container\"><div class=\"uagb-container-inner-blocks-wrap\">\n<div class=\"wp-block-uagb-container uagb-block-71c51aaa\">\n<div class=\"wp-block-uagb-container uagb-block-1b3ad1fd\">\n<div class=\"wp-block-uagb-image uagb-block-6aa87b3e wp-block-uagb-image--layout-default wp-block-uagb-image--effect-static wp-block-uagb-image--align-none\"><figure class=\"wp-block-uagb-image__figure\"><img decoding=\"async\" srcset=\"https:\/\/kkloznica.com\/wp-content\/uploads\/2023\/05\/IMG-0957-1024x669.jpg \" sizes=\"auto, (max-width: 480px) 150px\" src=\"https:\/\/kkloznica.com\/wp-content\/uploads\/2023\/05\/IMG-0957-1024x669.jpg\" alt=\"\" class=\"uag-image-2670\" width=\"1024\" height=\"669\" title=\"\" loading=\"lazy\"\/><\/figure><\/div>\n<\/div>\n\n\n\n<div class=\"wp-block-uagb-container uagb-block-12a1d4e0\">\n<div class=\"wp-block-uagb-advanced-heading uagb-block-10d1f3fd\"><p class=\"uagb-desc-text\">U klubu veruju da ne treba da brinu za budu\u0107nost. Mla\u0111e selekcije posti\u017eu odli\u010dne rezultate u ligama u kojima se takmi\u010de. Re\u010d je o \u010detiri takmi\u010darske selekcije (mla\u0111i pioniri, pioniri, kadeti i juniori) i dve \u0161kolice ko\u0161arke za najmla\u0111e u Loznici i Le\u0161nici. Re\u010d je o 150 de\u010daka koji vole ko\u0161arku i od kojih u klubu o\u010dekuju mnogo.<\/p><\/div>\n<\/div>\n<\/div>\n<\/div><\/div>\n","protected":false},"excerpt":{"rendered":"<p>O nama U godini kada se obele\u017eava \u0161est decenija postojanja i uspe\u0161nog rada KK Loznica je ostvario svoj najve\u0107i uspeh &#8211; plasirao se u Drugu ko\u0161arka\u0161ku ligu Srbije (&#8220;B&#8221; ligu). Ekipa je dominirala tokom celog takmi\u010denja u Prvoj mu\u0161koj regionalnoj ligi &#8220;Zapad&#8221;, a i u doigravanju i zaslu\u017eeno osvojila titulu. Na ovaj uspeh dugo se [&hellip;]<\/p>\n","protected":false},"author":1,"featured_media":0,"parent":0,"menu_order":0,"comment_status":"closed","ping_status":"closed","template":"","meta":{"_uag_custom_page_level_css":"","site-sidebar-layout":"no-sidebar","site-content-layout":"page-builder","ast-site-content-layout":"default","site-content-style":"default","site-sidebar-style":"default","ast-global-header-display":"","ast-banner-title-visibility":"","ast-main-header-display":"","ast-hfb-above-header-display":"","ast-hfb-below-header-display":"","ast-hfb-mobile-header-display":"","site-post-title":"disabled","ast-breadcrumbs-content":"","ast-featured-img":"disabled","footer-sml-layout":"","theme-transparent-header-meta":"enabled","adv-header-id-meta":"","stick-header-meta":"","header-above-stick-meta":"","header-main-stick-meta":"","header-below-stick-meta":"","astra-migrate-meta-layouts":"default","ast-page-background-enabled":"default","ast-page-background-meta":{"desktop":{"background-color":"var(--ast-global-color-4)","background-image":"","background-repeat":"repeat","background-position":"center center","background-size":"auto","background-attachment":"scroll","background-type":"","background-media":"","overlay-type":"","overlay-color":"","overlay-opacity":"","overlay-gradient":""},"tablet":{"background-color":"","background-image":"","background-repeat":"repeat","background-position":"center center","background-size":"auto","background-attachment":"scroll","background-type":"","background-media":"","overlay-type":"","overlay-color":"","overlay-opacity":"","overlay-gradient":""},"mobile":{"background-color":"","background-image":"","background-repeat":"repeat","background-position":"center center","background-size":"auto","background-attachment":"scroll","background-type":"","background-media":"","overlay-type":"","overlay-color":"","overlay-opacity":"","overlay-gradient":""}},"ast-content-background-meta":{"desktop":{"background-color":"var(--ast-global-color-5)","background-image":"","background-repeat":"repeat","background-position":"center center","background-size":"auto","background-attachment":"scroll","background-type":"","background-media":"","overlay-type":"","overlay-color":"","overlay-opacity":"","overlay-gradient":""},"tablet":{"background-color":"var(--ast-global-color-5)","background-image":"","background-repeat":"repeat","background-position":"center center","background-size":"auto","background-attachment":"scroll","background-type":"","background-media":"","overlay-type":"","overlay-color":"","overlay-opacity":"","overlay-gradient":""},"mobile":{"background-color":"var(--ast-global-color-5)","background-image":"","background-repeat":"repeat","background-position":"center center","background-size":"auto","background-attachment":"scroll","background-type":"","background-media":"","overlay-type":"","overlay-color":"","overlay-opacity":"","overlay-gradient":""}},"footnotes":""},"class_list":["post-1393","page","type-page","status-publish","hentry"],"uagb_featured_image_src":{"full":false,"thumbnail":false,"medium":false,"medium_large":false,"large":false,"1536x1536":false,"2048x2048":false},"uagb_author_info":{"display_name":"digita.loznica@gmail.com","author_link":"https:\/\/kkloznica.com\/?author=1"},"uagb_comment_info":0,"uagb_excerpt":"O nama U godini kada se obele\u017eava \u0161est decenija postojanja i uspe\u0161nog rada KK Loznica je ostvario svoj najve\u0107i uspeh &#8211; plasirao se u Drugu ko\u0161arka\u0161ku ligu Srbije (&#8220;B&#8221; ligu). Ekipa je dominirala tokom celog takmi\u010denja u Prvoj mu\u0161koj regionalnoj ligi &#8220;Zapad&#8221;, a i u doigravanju i zaslu\u017eeno osvojila titulu. Na ovaj uspeh dugo se&hellip;","_links":{"self":[{"href":"https:\/\/kkloznica.com\/index.php?rest_route=\/wp\/v2\/pages\/1393","targetHints":{"allow":["GET"]}}],"collection":[{"href":"https:\/\/kkloznica.com\/index.php?rest_route=\/wp\/v2\/pages"}],"about":[{"href":"https:\/\/kkloznica.com\/index.php?rest_route=\/wp\/v2\/types\/page"}],"author":[{"embeddable":true,"href":"https:\/\/kkloznica.com\/index.php?rest_route=\/wp\/v2\/users\/1"}],"replies":[{"embeddable":true,"href":"https:\/\/kkloznica.com\/index.php?rest_route=%2Fwp%2Fv2%2Fcomments&post=1393"}],"version-history":[{"count":5,"href":"https:\/\/kkloznica.com\/index.php?rest_route=\/wp\/v2\/pages\/1393\/revisions"}],"predecessor-version":[{"id":2673,"href":"https:\/\/kkloznica.com\/index.php?rest_route=\/wp\/v2\/pages\/1393\/revisions\/2673"}],"wp:attachment":[{"href":"https:\/\/kkloznica.com\/index.php?rest_route=%2Fwp%2Fv2%2Fmedia&parent=1393"}],"curies":[{"name":"wp","href":"https:\/\/api.w.org\/{rel}","templated":true}]}}